{"id":237,"date":"2025-03-12T08:28:46","date_gmt":"2025-03-12T08:28:46","guid":{"rendered":"https:\/\/rosenqvist.ax\/?page_id=237"},"modified":"2025-03-12T08:28:46","modified_gmt":"2025-03-12T08:28:46","slug":"kontakt","status":"publish","type":"page","link":"https:\/\/rosenqvist.ax\/?page_id=237","title":{"rendered":"Kontakt"},"content":{"rendered":"\n<div class=\"wp-block-group alignfull has-background is-layout-flow wp-block-group-is-layout-flow\" style=\"background-color:#f5eac1;padding-top:6vw;padding-right:6vw;padding-bottom:6vw;padding-left:6vw\">\n<div class=\"wp-block-group is-vertical is-nowrap is-layout-flex wp-container-core-group-is-layout-36fd9ea3 wp-block-group-is-layout-flex\" style=\"padding-right:0;padding-left:0\">\n<p class=\"has-text-color\" style=\"color:#000000;font-size:6vw;font-style:normal;font-weight:700;letter-spacing:0px;line-height:0.9;text-decoration:none;text-transform:none\">Hitta till oss:<\/p>\n<\/div>\n\n\n\n<div style=\"height:1vw\" aria-hidden=\"true\" class=\"wp-block-spacer\"><\/div>\n\n\n\n<div class=\"wp-block-group alignwide is-vertical is-nowrap is-layout-flex wp-container-core-group-is-layout-7946b6b8 wp-block-group-is-layout-flex\" style=\"padding-top:0;padding-right:0;padding-bottom:0;padding-left:0\">\n<div class=\"wp-block-columns alignwide is-layout-flex wp-container-core-columns-is-layout-21b20327 wp-block-columns-is-layout-flex\">\n<div class=\"wp-block-column is-layout-flow wp-block-column-is-layout-flow\" style=\"flex-basis:33.38%\">\n<p>Adress:  <strong>OLLASGATAN 35<\/strong>  22270 Ecker\u00f6<\/p>\n\n\n\n<p>Tel <strong>+358 457 522 1617<\/strong><\/p>\n\n\n\n<p>mail: <strong>victoria.rosenqvist@aland.net<\/strong><\/p>\n\n\n\n<p>V\u00e4gbeskrivning:<br><strong>Fr\u00e5n hamnen i Ecker\u00f6:<\/strong>&nbsp;V\u00e4g 1 mot Mariehamn ca 2 km. Vid skylt &#8221;Ollas&#8221;, tag v\u00e4nster och k\u00f6r 200 m, tag v\u00e4nster igen och 200 meter rakt fram uppf\u00f6r backe. Stallet p\u00e5 h\u00f6ger sida. Stor vit\/r\u00f6d byggnad.<\/p>\n\n\n\n<p class=\"has-text-color\" style=\"color:#000000;font-size:clamp(14px, 0.875rem + ((1vw - 3.2px) * 0.313), 17px);\"><strong>Fr\u00e5n Mariehamn:<\/strong>\u00a0V\u00e4g 1 mot Ecker\u00f6 ca 32 km till Storby. Sv\u00e4ng h\u00f6ger vid skylt &#8221;Ollas&#8221; i Storby. k\u00f6r 200 m, tag v\u00e4nster och 200 meter rakt fram uppf\u00f6r backe. Stallet p\u00e5 h\u00f6ger sida. Stor vit\/r\u00f6d byggnad. <\/p>\n<\/div>\n\n\n\n<div class=\"wp-block-column is-layout-flow wp-block-column-is-layout-flow\" style=\"flex-basis:33%\">\n<div style=\"height:2vw\" aria-hidden=\"true\" class=\"wp-block-spacer\"><\/div>\n\n\n\n<figure class=\"wp-block-image size-large\"><img loading=\"lazy\" decoding=\"async\" width=\"880\" height=\"1024\" src=\"https:\/\/rosenqvist.ax\/wp-content\/uploads\/2025\/03\/20230906_182201-880x1024.jpg\" alt=\"\" class=\"wp-image-228\" srcset=\"https:\/\/rosenqvist.ax\/wp-content\/uploads\/2025\/03\/20230906_182201-880x1024.jpg 880w, https:\/\/rosenqvist.ax\/wp-content\/uploads\/2025\/03\/20230906_182201-258x300.jpg 258w, https:\/\/rosenqvist.ax\/wp-content\/uploads\/2025\/03\/20230906_182201-768x894.jpg 768w, https:\/\/rosenqvist.ax\/wp-content\/uploads\/2025\/03\/20230906_182201-1320x1536.jpg 1320w, https:\/\/rosenqvist.ax\/wp-content\/uploads\/2025\/03\/20230906_182201-1760x2048.jpg 1760w, https:\/\/rosenqvist.ax\/wp-content\/uploads\/2025\/03\/20230906_182201.jpg 1808w\" sizes=\"auto, (max-width: 880px) 100vw, 880px\" \/><\/figure>\n<\/div>\n\n\n\n<div class=\"wp-block-column is-layout-flow wp-block-column-is-layout-flow\" style=\"flex-basis:33.62%\">\n<figure class=\"wp-block-image size-large\"><img loading=\"lazy\" decoding=\"async\" width=\"768\" height=\"1024\" src=\"https:\/\/rosenqvist.ax\/wp-content\/uploads\/2025\/03\/20220419_193218-768x1024.jpg\" alt=\"\" class=\"wp-image-232\" srcset=\"https:\/\/rosenqvist.ax\/wp-content\/uploads\/2025\/03\/20220419_193218-768x1024.jpg 768w, https:\/\/rosenqvist.ax\/wp-content\/uploads\/2025\/03\/20220419_193218-225x300.jpg 225w, https:\/\/rosenqvist.ax\/wp-content\/uploads\/2025\/03\/20220419_193218-1152x1536.jpg 1152w, https:\/\/rosenqvist.ax\/wp-content\/uploads\/2025\/03\/20220419_193218-1536x2048.jpg 1536w, https:\/\/rosenqvist.ax\/wp-content\/uploads\/2025\/03\/20220419_193218-scaled.jpg 1920w\" sizes=\"auto, (max-width: 768px) 100vw, 768px\" \/><\/figure>\n<\/div>\n<\/div>\n\n\n\n<div class=\"wp-block-columns alignwide is-layout-flex wp-container-core-columns-is-layout-c24efe4f wp-block-columns-is-layout-flex\">\n<div class=\"wp-block-column is-layout-flow wp-block-column-is-layout-flow\" style=\"flex-basis:69%\">\n<figure class=\"wp-block-image size-large\"><img loading=\"lazy\" decoding=\"async\" width=\"1024\" height=\"1013\" src=\"https:\/\/rosenqvist.ax\/wp-content\/uploads\/2025\/03\/265072972_369604004964511_4736554114169833168_n-1024x1013.jpg\" alt=\"\" class=\"wp-image-239\" srcset=\"https:\/\/rosenqvist.ax\/wp-content\/uploads\/2025\/03\/265072972_369604004964511_4736554114169833168_n-1024x1013.jpg 1024w, https:\/\/rosenqvist.ax\/wp-content\/uploads\/2025\/03\/265072972_369604004964511_4736554114169833168_n-300x297.jpg 300w, https:\/\/rosenqvist.ax\/wp-content\/uploads\/2025\/03\/265072972_369604004964511_4736554114169833168_n-768x759.jpg 768w, https:\/\/rosenqvist.ax\/wp-content\/uploads\/2025\/03\/265072972_369604004964511_4736554114169833168_n.jpg 1440w\" sizes=\"auto, (max-width: 1024px) 100vw, 1024px\" \/><\/figure>\n<\/div>\n\n\n\n<div class=\"wp-block-column is-vertically-aligned-center is-layout-flow wp-block-column-is-layout-flow\" style=\"flex-basis:33%\">\n<div style=\"height:2vw\" aria-hidden=\"true\" class=\"wp-block-spacer\"><\/div>\n\n\n\n<p class=\"has-text-color\" style=\"color:#000000;font-size:clamp(14px, 0.875rem + ((1vw - 3.2px) * 0.313), 17px);\"><strong><em>VARMT V\u00c4LKOMNA <\/em><\/strong><\/p>\n\n\n\n<p class=\"has-text-color\" style=\"color:#000000;font-size:clamp(14px, 0.875rem + ((1vw - 3.2px) * 0.313), 17px);\"><strong><em>med p\u00e5 h\u00e4rlig ridning p\u00e5 <\/em><\/strong><\/p>\n\n\n\n<p class=\"has-text-color\" style=\"color:#000000;font-size:clamp(14px, 0.875rem + ((1vw - 3.2px) * 0.313), 17px);\"><strong><em>\u00c5LAND!<\/em><\/strong><\/p>\n<\/div>\n<\/div>\n<\/div>\n<\/div>\n","protected":false},"excerpt":{"rendered":"<p>Hitta till oss: Adress: OLLASGATAN 35 22270 Ecker\u00f6 Tel +358 457 522 1617 mail: victoria.rosenqvist@aland.net V\u00e4gbeskrivning:Fr\u00e5n hamnen i Ecker\u00f6:&nbsp;V\u00e4g 1 mot Mariehamn ca 2 km. Vid skylt &#8221;Ollas&#8221;, tag v\u00e4nster och k\u00f6r 200 m, tag v\u00e4nster igen och 200 meter rakt fram uppf\u00f6r backe. Stallet p\u00e5 h\u00f6ger sida. Stor vit\/r\u00f6d byggnad. Fr\u00e5n Mariehamn:\u00a0V\u00e4g 1 mot [&hellip;]<\/p>\n","protected":false},"author":1,"featured_media":0,"parent":0,"menu_order":0,"comment_status":"closed","ping_status":"closed","template":"","meta":{"footnotes":""},"class_list":["post-237","page","type-page","status-publish","hentry"],"_links":{"self":[{"href":"https:\/\/rosenqvist.ax\/index.php?rest_route=\/wp\/v2\/pages\/237","targetHints":{"allow":["GET"]}}],"collection":[{"href":"https:\/\/rosenqvist.ax\/index.php?rest_route=\/wp\/v2\/pages"}],"about":[{"href":"https:\/\/rosenqvist.ax\/index.php?rest_route=\/wp\/v2\/types\/page"}],"author":[{"embeddable":true,"href":"https:\/\/rosenqvist.ax\/index.php?rest_route=\/wp\/v2\/users\/1"}],"replies":[{"embeddable":true,"href":"https:\/\/rosenqvist.ax\/index.php?rest_route=%2Fwp%2Fv2%2Fcomments&post=237"}],"version-history":[{"count":1,"href":"https:\/\/rosenqvist.ax\/index.php?rest_route=\/wp\/v2\/pages\/237\/revisions"}],"predecessor-version":[{"id":240,"href":"https:\/\/rosenqvist.ax\/index.php?rest_route=\/wp\/v2\/pages\/237\/revisions\/240"}],"wp:attachment":[{"href":"https:\/\/rosenqvist.ax\/index.php?rest_route=%2Fwp%2Fv2%2Fmedia&parent=237"}],"curies":[{"name":"wp","href":"https:\/\/api.w.org\/{rel}","templated":true}]}}