{"id":222,"date":"2025-03-11T14:46:41","date_gmt":"2025-03-11T14:46:41","guid":{"rendered":"https:\/\/rosenqvist.ax\/?page_id=222"},"modified":"2025-03-12T08:33:31","modified_gmt":"2025-03-12T08:33:31","slug":"om-stall-rosenqvist","status":"publish","type":"page","link":"https:\/\/rosenqvist.ax\/?page_id=222","title":{"rendered":"OM STALL ROSENQVIST"},"content":{"rendered":"\n<div class=\"wp-block-group alignfull has-accent-5-background-color has-background has-global-padding is-layout-constrained wp-container-core-group-is-layout-d89aad35 wp-block-group-is-layout-constrained\" style=\"margin-top:0;margin-bottom:0;padding-top:var(--wp--preset--spacing--50);padding-right:var(--wp--preset--spacing--50);padding-bottom:var(--wp--preset--spacing--50);padding-left:var(--wp--preset--spacing--50)\">\n<div class=\"wp-block-columns alignwide is-layout-flex wp-container-core-columns-is-layout-1da03c2a wp-block-columns-is-layout-flex\">\n<div class=\"wp-block-column is-vertically-aligned-center is-layout-flow wp-block-column-is-layout-flow\" style=\"flex-basis:60%\">\n<figure class=\"wp-block-image size-full is-style-rounded wp-duotone-unset-2 is-style-rounded--1\"><img loading=\"lazy\" decoding=\"async\" width=\"2560\" height=\"1920\" src=\"https:\/\/rosenqvist.ax\/wp-content\/uploads\/2025\/03\/20231206_141846-scaled.jpg\" alt=\"\" class=\"wp-image-204\" style=\"aspect-ratio:4\/3;object-fit:cover\" srcset=\"https:\/\/rosenqvist.ax\/wp-content\/uploads\/2025\/03\/20231206_141846-scaled.jpg 2560w, https:\/\/rosenqvist.ax\/wp-content\/uploads\/2025\/03\/20231206_141846-300x225.jpg 300w, https:\/\/rosenqvist.ax\/wp-content\/uploads\/2025\/03\/20231206_141846-1024x768.jpg 1024w, https:\/\/rosenqvist.ax\/wp-content\/uploads\/2025\/03\/20231206_141846-768x576.jpg 768w, https:\/\/rosenqvist.ax\/wp-content\/uploads\/2025\/03\/20231206_141846-1536x1152.jpg 1536w, https:\/\/rosenqvist.ax\/wp-content\/uploads\/2025\/03\/20231206_141846-2048x1536.jpg 2048w\" sizes=\"auto, (max-width: 2560px) 100vw, 2560px\" \/><\/figure>\n<\/div>\n\n\n\n<div class=\"wp-block-column is-layout-flow wp-block-column-is-layout-flow\" style=\"flex-basis:40%\">\n<p>V\u00e4lkommen till Stall Rosenqvist, vi finns p\u00e5 \u00c5land   i Ecker\u00f6, Storby, 2,5 km fr\u00e5n hamnen.<br><br>Stallet har sn\u00e4lla, lugna, v\u00e4lskolade h\u00e4star och ponnyer s\u00e5som halvblod, fullblod, varmblod, islandsh\u00e4star och shetlandsponnyer.<br><br>Runt omkring stallet finns natursk\u00f6n terr\u00e4ng som l\u00e4mpar sig f\u00f6r uteritter och skogsturer.<br><strong><br>V\u00e5rt mest popul\u00e4ra alternativ \u00e4r 90 min turen.<br><br><\/strong>\u00c4r v\u00e4dret s\u00e4mre har vi v\u00e5rt ljusa ridhus d\u00e4r den som vill kan tr\u00e4na dressyr eller hoppning. \u00c4ven intensiv tr\u00e4ning under flera dagar i f\u00f6ljd kan ordnas.<br><br>Ryttarna delas in i sm\u00e5 grupper efter ridkunskap vilket betyder att tidigare ridvana&nbsp;ej&nbsp;kr\u00e4vs, eftersom tempot best\u00e4ms av de minst erfarna!<br><br>Vi har \u00e4ven&nbsp;dagridl\u00e4ger p\u00e5 sommaren.<br><br>Har Ni egna \u00f6nskem\u00e5l s\u00e5 hj\u00e4lper vi till att ordna dessa!<\/p>\n\n\n\n<p><br>H\u00f6r av Er till oss f\u00f6r mer info!<\/p>\n<\/div>\n<\/div>\n<\/div>\n\n\n\n<div class=\"wp-block-group alignfull has-global-padding is-layout-constrained wp-container-core-group-is-layout-669513ed wp-block-group-is-layout-constrained\" style=\"margin-top:0;margin-bottom:0;padding-top:var(--wp--preset--spacing--50);padding-right:var(--wp--preset--spacing--50);padding-bottom:var(--wp--preset--spacing--50);padding-left:var(--wp--preset--spacing--50)\">\n<div class=\"wp-block-columns alignwide is-layout-flex wp-container-core-columns-is-layout-4935966c wp-block-columns-is-layout-flex\" style=\"padding-right:0;padding-left:0\">\n<div class=\"wp-block-column is-layout-flow wp-block-column-is-layout-flow\">\n<figure class=\"wp-block-image size-full is-style-rounded is-style-rounded--3\"><img loading=\"lazy\" decoding=\"async\" width=\"1920\" height=\"2560\" src=\"https:\/\/rosenqvist.ax\/wp-content\/uploads\/2025\/03\/20230904_192837-scaled.jpg\" alt=\"\" class=\"wp-image-227\" style=\"aspect-ratio:1;object-fit:cover\" srcset=\"https:\/\/rosenqvist.ax\/wp-content\/uploads\/2025\/03\/20230904_192837-scaled.jpg 1920w, https:\/\/rosenqvist.ax\/wp-content\/uploads\/2025\/03\/20230904_192837-225x300.jpg 225w, https:\/\/rosenqvist.ax\/wp-content\/uploads\/2025\/03\/20230904_192837-768x1024.jpg 768w, https:\/\/rosenqvist.ax\/wp-content\/uploads\/2025\/03\/20230904_192837-1152x1536.jpg 1152w, https:\/\/rosenqvist.ax\/wp-content\/uploads\/2025\/03\/20230904_192837-1536x2048.jpg 1536w\" sizes=\"auto, (max-width: 1920px) 100vw, 1920px\" \/><\/figure>\n\n\n\n<p class=\"has-text-align-center has-small-font-size\"><\/p>\n<\/div>\n\n\n\n<div class=\"wp-block-column is-layout-flow wp-block-column-is-layout-flow\">\n<figure class=\"wp-block-image size-full is-style-rounded is-style-rounded--4\"><img loading=\"lazy\" decoding=\"async\" width=\"1920\" height=\"2560\" src=\"https:\/\/rosenqvist.ax\/wp-content\/uploads\/2025\/03\/20241018_131934-scaled.jpg\" alt=\"\" class=\"wp-image-100\" style=\"aspect-ratio:1;object-fit:cover\" srcset=\"https:\/\/rosenqvist.ax\/wp-content\/uploads\/2025\/03\/20241018_131934-scaled.jpg 1920w, https:\/\/rosenqvist.ax\/wp-content\/uploads\/2025\/03\/20241018_131934-225x300.jpg 225w, https:\/\/rosenqvist.ax\/wp-content\/uploads\/2025\/03\/20241018_131934-768x1024.jpg 768w, https:\/\/rosenqvist.ax\/wp-content\/uploads\/2025\/03\/20241018_131934-1152x1536.jpg 1152w, https:\/\/rosenqvist.ax\/wp-content\/uploads\/2025\/03\/20241018_131934-1536x2048.jpg 1536w\" sizes=\"auto, (max-width: 1920px) 100vw, 1920px\" \/><\/figure>\n<\/div>\n\n\n\n<div class=\"wp-block-column is-layout-flow wp-block-column-is-layout-flow\">\n<figure class=\"wp-block-image size-full is-style-rounded is-style-rounded--5\"><img loading=\"lazy\" decoding=\"async\" width=\"2560\" height=\"1714\" src=\"https:\/\/rosenqvist.ax\/wp-content\/uploads\/2025\/02\/Ridhus-2-scaled.jpg\" alt=\"\" class=\"wp-image-58\" style=\"aspect-ratio:1;object-fit:cover\" srcset=\"https:\/\/rosenqvist.ax\/wp-content\/uploads\/2025\/02\/Ridhus-2-scaled.jpg 2560w, https:\/\/rosenqvist.ax\/wp-content\/uploads\/2025\/02\/Ridhus-2-300x201.jpg 300w, https:\/\/rosenqvist.ax\/wp-content\/uploads\/2025\/02\/Ridhus-2-1024x685.jpg 1024w, https:\/\/rosenqvist.ax\/wp-content\/uploads\/2025\/02\/Ridhus-2-768x514.jpg 768w, https:\/\/rosenqvist.ax\/wp-content\/uploads\/2025\/02\/Ridhus-2-1536x1028.jpg 1536w, https:\/\/rosenqvist.ax\/wp-content\/uploads\/2025\/02\/Ridhus-2-2048x1371.jpg 2048w\" sizes=\"auto, (max-width: 2560px) 100vw, 2560px\" \/><\/figure>\n<\/div>\n\n\n\n<div class=\"wp-block-column is-layout-flow wp-block-column-is-layout-flow\">\n<figure class=\"wp-block-image size-full is-style-rounded is-style-rounded--6\"><img loading=\"lazy\" decoding=\"async\" width=\"1024\" height=\"683\" src=\"https:\/\/rosenqvist.ax\/wp-content\/uploads\/2025\/03\/Messenger_creation_D63E3F51-A01B-483C-AB45-FA3CEDFF66FE.jpeg\" alt=\"\" class=\"wp-image-148\" style=\"aspect-ratio:1;object-fit:cover\" srcset=\"https:\/\/rosenqvist.ax\/wp-content\/uploads\/2025\/03\/Messenger_creation_D63E3F51-A01B-483C-AB45-FA3CEDFF66FE.jpeg 1024w, https:\/\/rosenqvist.ax\/wp-content\/uploads\/2025\/03\/Messenger_creation_D63E3F51-A01B-483C-AB45-FA3CEDFF66FE-300x200.jpeg 300w, https:\/\/rosenqvist.ax\/wp-content\/uploads\/2025\/03\/Messenger_creation_D63E3F51-A01B-483C-AB45-FA3CEDFF66FE-768x512.jpeg 768w\" sizes=\"auto, (max-width: 1024px) 100vw, 1024px\" \/><\/figure>\n<\/div>\n<\/div>\n<\/div>\n","protected":false},"excerpt":{"rendered":"<p>V\u00e4lkommen till Stall Rosenqvist, vi finns p\u00e5 \u00c5land i Ecker\u00f6, Storby, 2,5 km fr\u00e5n hamnen. Stallet har sn\u00e4lla, lugna, v\u00e4lskolade h\u00e4star och ponnyer s\u00e5som halvblod, fullblod, varmblod, islandsh\u00e4star och shetlandsponnyer. Runt omkring stallet finns natursk\u00f6n terr\u00e4ng som l\u00e4mpar sig f\u00f6r uteritter och skogsturer.V\u00e5rt mest popul\u00e4ra alternativ \u00e4r 90 min turen. \u00c4r v\u00e4dret s\u00e4mre har vi [&hellip;]<\/p>\n","protected":false},"author":1,"featured_media":0,"parent":0,"menu_order":0,"comment_status":"closed","ping_status":"closed","template":"","meta":{"footnotes":""},"class_list":["post-222","page","type-page","status-publish","hentry"],"_links":{"self":[{"href":"https:\/\/rosenqvist.ax\/index.php?rest_route=\/wp\/v2\/pages\/222","targetHints":{"allow":["GET"]}}],"collection":[{"href":"https:\/\/rosenqvist.ax\/index.php?rest_route=\/wp\/v2\/pages"}],"about":[{"href":"https:\/\/rosenqvist.ax\/index.php?rest_route=\/wp\/v2\/types\/page"}],"author":[{"embeddable":true,"href":"https:\/\/rosenqvist.ax\/index.php?rest_route=\/wp\/v2\/users\/1"}],"replies":[{"embeddable":true,"href":"https:\/\/rosenqvist.ax\/index.php?rest_route=%2Fwp%2Fv2%2Fcomments&post=222"}],"version-history":[{"count":2,"href":"https:\/\/rosenqvist.ax\/index.php?rest_route=\/wp\/v2\/pages\/222\/revisions"}],"predecessor-version":[{"id":242,"href":"https:\/\/rosenqvist.ax\/index.php?rest_route=\/wp\/v2\/pages\/222\/revisions\/242"}],"wp:attachment":[{"href":"https:\/\/rosenqvist.ax\/index.php?rest_route=%2Fwp%2Fv2%2Fmedia&parent=222"}],"curies":[{"name":"wp","href":"https:\/\/api.w.org\/{rel}","templated":true}]}}