{"id":214,"date":"2025-03-11T14:16:57","date_gmt":"2025-03-11T14:16:57","guid":{"rendered":"https:\/\/rosenqvist.ax\/?page_id=214"},"modified":"2026-01-17T16:21:09","modified_gmt":"2026-01-17T16:21:09","slug":"ridlager-2025","status":"publish","type":"page","link":"https:\/\/rosenqvist.ax\/?page_id=214","title":{"rendered":"RIDL\u00c4GER 2026"},"content":{"rendered":"\n<div class=\"wp-block-group alignfull has-accent-4-background-color has-background is-vertical is-content-justification-center is-nowrap is-layout-flex wp-container-core-group-is-layout-2215816d wp-block-group-is-layout-flex\" style=\"min-height:100vh;margin-top:0;margin-bottom:0;padding-top:var(--wp--preset--spacing--50);padding-right:var(--wp--preset--spacing--50);padding-bottom:var(--wp--preset--spacing--50);padding-left:var(--wp--preset--spacing--50)\">\n<div class=\"wp-block-columns alignwide are-vertically-aligned-center is-layout-flex wp-container-core-columns-is-layout-47c06fe3 wp-block-columns-is-layout-flex\">\n<div class=\"wp-block-column is-vertically-aligned-center is-layout-flow wp-block-column-is-layout-flow\" style=\"flex-basis:40%\">\n<div class=\"wp-block-group is-layout-flow wp-container-core-group-is-layout-8f7ed23f wp-block-group-is-layout-flow\" style=\"min-height:100%;margin-top:0;margin-bottom:0;padding-right:0;padding-left:0\">\n<div class=\"wp-block-group is-nowrap is-layout-flex wp-container-core-group-is-layout-6c531013 wp-block-group-is-layout-flex\">\n<h1 class=\"wp-block-heading has-text-align-right\" style=\"margin-right:0;margin-left:calc( var(--wp--preset--spacing--20) * -1);font-size:clamp(5.174rem, 5.174rem + ((1vw - 0.2rem) * 11.377), 12rem);line-height:1;writing-mode:vertical-rl\">2026<\/h1>\n\n\n\n<h3 class=\"wp-block-heading has-text-align-right\">     <em>RIDL\u00c4GER                P\u00c5 \u00c5LAND<\/em><\/h3>\n<\/div>\n\n\n\n<div class=\"wp-block-group has-global-padding is-content-justification-left is-layout-constrained wp-container-core-group-is-layout-0207514c wp-block-group-is-layout-constrained\" style=\"padding-right:0;padding-left:0\">\n<p class=\"wp-container-content-0733e5d0\"><strong><em>RIDL\u00c4GER 2026<\/em><\/strong><\/p>\n\n\n\n<p>Dagl\u00e4ger:<\/p>\n\n\n\n<p><strong>V.24 M\u00c5N-TORS 8\/6-11\/6<\/strong><\/p>\n\n\n\n<p><strong>V.25 M\u00c5N-TORS 15\/6-18\/6<\/strong><\/p>\n\n\n\n<p><strong>V.26 M\u00c5N-TORS 22\/6-25\/6<\/strong><\/p>\n\n\n\n<p><strong>V.32 M\u00c5N-TORS 3\/8-6\/8<\/strong><\/p>\n\n\n\n<p>KL 09.00 &#8211; 16:00<\/p>\n\n\n\n<p>2 pass ridning, lunch + mellanm\u00e5l.<\/p>\n\n\n\n<p>Uppdelade grupper f\u00f6r olika niv\u00e5er, ridning, h\u00e4stkunskap, stallpyssel m.m. <\/p>\n\n\n\n<p class=\"wp-container-content-0733e5d0\">360 \u20ac \/ person<\/p>\n\n\n\n<p class=\"wp-container-content-0733e5d0\">anm\u00e4lningsavgift 160 \u20ac betalas vid anm\u00e4lan, l\u00e4geravgift 200 \u20ac den 1\/5. Vid sjukdom mot l\u00e4karintyg \u00e5terbetalas l\u00e4geravgiften men ej anm\u00e4lningsavgiften.<\/p>\n\n\n\n<p class=\"wp-container-content-0733e5d0\"><strong><em>Reservera din plats i tid! <\/em><\/strong><\/p>\n<\/div>\n<\/div>\n<\/div>\n\n\n\n<div class=\"wp-block-column is-vertically-aligned-top is-layout-flow wp-block-column-is-layout-flow\" style=\"flex-basis:60%\">\n<figure class=\"wp-block-image size-large is-style-rounded is-style-rounded--1\"><img loading=\"lazy\" decoding=\"async\" width=\"737\" height=\"1024\" src=\"https:\/\/rosenqvist.ax\/wp-content\/uploads\/2025\/03\/20220927_183118-737x1024.jpg\" alt=\"\" class=\"wp-image-113\" style=\"aspect-ratio:3\/4;object-fit:cover\" srcset=\"https:\/\/rosenqvist.ax\/wp-content\/uploads\/2025\/03\/20220927_183118-737x1024.jpg 737w, https:\/\/rosenqvist.ax\/wp-content\/uploads\/2025\/03\/20220927_183118-216x300.jpg 216w, https:\/\/rosenqvist.ax\/wp-content\/uploads\/2025\/03\/20220927_183118-768x1068.jpg 768w, https:\/\/rosenqvist.ax\/wp-content\/uploads\/2025\/03\/20220927_183118-1105x1536.jpg 1105w, https:\/\/rosenqvist.ax\/wp-content\/uploads\/2025\/03\/20220927_183118-1473x2048.jpg 1473w, https:\/\/rosenqvist.ax\/wp-content\/uploads\/2025\/03\/20220927_183118-scaled.jpg 1841w\" sizes=\"auto, (max-width: 737px) 100vw, 737px\" \/><\/figure>\n<\/div>\n<\/div>\n<\/div>\n","protected":false},"excerpt":{"rendered":"<p>2026 RIDL\u00c4GER P\u00c5 \u00c5LAND RIDL\u00c4GER 2026 Dagl\u00e4ger: V.24 M\u00c5N-TORS 8\/6-11\/6 V.25 M\u00c5N-TORS 15\/6-18\/6 V.26 M\u00c5N-TORS 22\/6-25\/6 V.32 M\u00c5N-TORS 3\/8-6\/8 KL 09.00 &#8211; 16:00 2 pass ridning, lunch + mellanm\u00e5l. Uppdelade grupper f\u00f6r olika niv\u00e5er, ridning, h\u00e4stkunskap, stallpyssel m.m. 360 \u20ac \/ person anm\u00e4lningsavgift 160 \u20ac betalas vid anm\u00e4lan, l\u00e4geravgift 200 \u20ac den 1\/5. Vid sjukdom [&hellip;]<\/p>\n","protected":false},"author":1,"featured_media":0,"parent":0,"menu_order":0,"comment_status":"closed","ping_status":"closed","template":"","meta":{"footnotes":""},"class_list":["post-214","page","type-page","status-publish","hentry"],"_links":{"self":[{"href":"https:\/\/rosenqvist.ax\/index.php?rest_route=\/wp\/v2\/pages\/214","targetHints":{"allow":["GET"]}}],"collection":[{"href":"https:\/\/rosenqvist.ax\/index.php?rest_route=\/wp\/v2\/pages"}],"about":[{"href":"https:\/\/rosenqvist.ax\/index.php?rest_route=\/wp\/v2\/types\/page"}],"author":[{"embeddable":true,"href":"https:\/\/rosenqvist.ax\/index.php?rest_route=\/wp\/v2\/users\/1"}],"replies":[{"embeddable":true,"href":"https:\/\/rosenqvist.ax\/index.php?rest_route=%2Fwp%2Fv2%2Fcomments&post=214"}],"version-history":[{"count":6,"href":"https:\/\/rosenqvist.ax\/index.php?rest_route=\/wp\/v2\/pages\/214\/revisions"}],"predecessor-version":[{"id":269,"href":"https:\/\/rosenqvist.ax\/index.php?rest_route=\/wp\/v2\/pages\/214\/revisions\/269"}],"wp:attachment":[{"href":"https:\/\/rosenqvist.ax\/index.php?rest_route=%2Fwp%2Fv2%2Fmedia&parent=214"}],"curies":[{"name":"wp","href":"https:\/\/api.w.org\/{rel}","templated":true}]}}