{"id":207,"date":"2025-03-11T13:52:11","date_gmt":"2025-03-11T13:52:11","guid":{"rendered":"https:\/\/rosenqvist.ax\/?page_id=207"},"modified":"2025-03-11T13:58:59","modified_gmt":"2025-03-11T13:58:59","slug":"lektioner-2","status":"publish","type":"page","link":"https:\/\/rosenqvist.ax\/?page_id=207","title":{"rendered":"Lektioner"},"content":{"rendered":"\n<div class=\"wp-block-group alignfull has-accent-background-color has-background has-global-padding is-layout-constrained wp-container-core-group-is-layout-669513ed wp-block-group-is-layout-constrained\" style=\"margin-top:0;margin-bottom:0;padding-top:var(--wp--preset--spacing--50);padding-right:var(--wp--preset--spacing--50);padding-bottom:var(--wp--preset--spacing--50);padding-left:var(--wp--preset--spacing--50)\">\n<div class=\"wp-block-columns alignwide is-layout-flex wp-container-core-columns-is-layout-1da03c2a wp-block-columns-is-layout-flex\">\n<div class=\"wp-block-column is-vertically-aligned-stretch is-layout-flow wp-block-column-is-layout-flow\" style=\"flex-basis:50%\">\n<div class=\"wp-block-group is-vertical is-content-justification-stretch is-layout-flex wp-container-core-group-is-layout-444d5ee8 wp-block-group-is-layout-flex\" style=\"min-height:100%\">\n<h2 class=\"wp-block-heading\"><strong><em>Lektioner:<\/em><\/strong><\/h2>\n\n\n\n<p>Regelbundna lektioner i dressyr\/hoppning anordnas terminsvis Aug &#8211; Juni, d\u00e5 rider du i en fast grupp samma dag\/tid varje vecka. Du abonnerar p\u00e5 p\u00e5 din plats och faktura kommer regelbundet. Vid sjukdom eller fr\u00e5nvaro avbokar du senast kl 10.00 den aktuella dagen och d\u00e5 kan du rida in den avbokade lektionen inom 14 dagar. Kund ansvarar sj\u00e4lv f\u00f6r att boka in inridningslektionen innan p\u00e5g\u00e5ende termins slut. Ordinarie ridning \u00e4ven under r\u00f6da dagar och lovdagar.          Upps\u00e4gningstid: 14 dagar (2 lektioner)<\/p>\n\n\n\n<p>Du kan \u00e4ven rida oregelbundet hos oss, d\u00e5 bokar du fr\u00e5n g\u00e5ng till g\u00e5ng och hoppar in i grupper d\u00e4r det finns plats.<\/p>\n\n\n\n<p>\u00c4ven sommartid finns det lektioner att hoppa in p\u00e5.<\/p>\n<\/div>\n<\/div>\n\n\n\n<div class=\"wp-block-column is-vertically-aligned-center is-layout-flow wp-block-column-is-layout-flow\" style=\"flex-basis:50%\">\n<figure class=\"wp-block-image size-large is-resized is-style-rounded is-style-rounded--1\"><img loading=\"lazy\" decoding=\"async\" width=\"768\" height=\"1024\" src=\"https:\/\/rosenqvist.ax\/wp-content\/uploads\/2025\/03\/20220520_155901-768x1024.jpg\" alt=\"\" class=\"wp-image-115\" style=\"object-fit:cover;width:415px;height:auto\" srcset=\"https:\/\/rosenqvist.ax\/wp-content\/uploads\/2025\/03\/20220520_155901-768x1024.jpg 768w, https:\/\/rosenqvist.ax\/wp-content\/uploads\/2025\/03\/20220520_155901-225x300.jpg 225w, https:\/\/rosenqvist.ax\/wp-content\/uploads\/2025\/03\/20220520_155901-1152x1536.jpg 1152w, https:\/\/rosenqvist.ax\/wp-content\/uploads\/2025\/03\/20220520_155901-1536x2048.jpg 1536w, https:\/\/rosenqvist.ax\/wp-content\/uploads\/2025\/03\/20220520_155901-scaled.jpg 1920w\" sizes=\"auto, (max-width: 768px) 100vw, 768px\" \/><\/figure>\n<\/div>\n<\/div>\n<\/div>\n\n\n\n<div class=\"wp-block-group alignfull has-global-padding is-layout-constrained wp-container-core-group-is-layout-669513ed wp-block-group-is-layout-constrained\" style=\"margin-top:0;margin-bottom:0;padding-top:var(--wp--preset--spacing--50);padding-right:var(--wp--preset--spacing--50);padding-bottom:var(--wp--preset--spacing--50);padding-left:var(--wp--preset--spacing--50)\">\n<div style=\"height:var(--wp--preset--spacing--30)\" aria-hidden=\"true\" class=\"wp-block-spacer\"><\/div>\n\n\n\n<div class=\"wp-block-columns alignwide is-layout-flex wp-container-core-columns-is-layout-4935966c wp-block-columns-is-layout-flex\" style=\"padding-right:0;padding-left:0\">\n<div class=\"wp-block-column is-layout-flow wp-block-column-is-layout-flow\">\n<figure class=\"wp-block-image size-full is-style-rounded is-style-rounded--2\"><img loading=\"lazy\" decoding=\"async\" width=\"576\" height=\"1050\" src=\"https:\/\/rosenqvist.ax\/wp-content\/uploads\/2025\/03\/received_3685910541683903.jpeg\" alt=\"\" class=\"wp-image-108\" style=\"aspect-ratio:1;object-fit:cover\" srcset=\"https:\/\/rosenqvist.ax\/wp-content\/uploads\/2025\/03\/received_3685910541683903.jpeg 576w, https:\/\/rosenqvist.ax\/wp-content\/uploads\/2025\/03\/received_3685910541683903-165x300.jpeg 165w, https:\/\/rosenqvist.ax\/wp-content\/uploads\/2025\/03\/received_3685910541683903-562x1024.jpeg 562w\" sizes=\"auto, (max-width: 576px) 100vw, 576px\" \/><\/figure>\n\n\n\n<div class=\"wp-block-group is-vertical is-content-justification-center is-nowrap is-layout-flex wp-container-core-group-is-layout-21d4e958 wp-block-group-is-layout-flex\">\n<p class=\"has-text-align-center has-small-font-size\"><br>\t\t\t\t\t<br>\t\t\t\t<\/p>\n<\/div>\n<\/div>\n\n\n\n<div class=\"wp-block-column is-layout-flow wp-block-column-is-layout-flow\">\n<figure class=\"wp-block-image size-full is-style-rounded is-style-rounded--3\"><img loading=\"lazy\" decoding=\"async\" width=\"635\" height=\"457\" src=\"https:\/\/rosenqvist.ax\/wp-content\/uploads\/2025\/03\/Messenger_creation_69CC2996-E01E-41E3-8B18-9673097F787D.jpeg\" alt=\"\" class=\"wp-image-131\" style=\"aspect-ratio:1;object-fit:cover\" srcset=\"https:\/\/rosenqvist.ax\/wp-content\/uploads\/2025\/03\/Messenger_creation_69CC2996-E01E-41E3-8B18-9673097F787D.jpeg 635w, https:\/\/rosenqvist.ax\/wp-content\/uploads\/2025\/03\/Messenger_creation_69CC2996-E01E-41E3-8B18-9673097F787D-300x216.jpeg 300w\" sizes=\"auto, (max-width: 635px) 100vw, 635px\" \/><\/figure>\n<\/div>\n\n\n\n<div class=\"wp-block-column is-layout-flow wp-block-column-is-layout-flow\">\n<figure class=\"wp-block-image size-full is-style-rounded is-style-rounded--4\"><img loading=\"lazy\" decoding=\"async\" width=\"1920\" height=\"2560\" src=\"https:\/\/rosenqvist.ax\/wp-content\/uploads\/2025\/03\/20221223_131334-scaled.jpg\" alt=\"\" class=\"wp-image-112\" style=\"aspect-ratio:1;object-fit:cover\" srcset=\"https:\/\/rosenqvist.ax\/wp-content\/uploads\/2025\/03\/20221223_131334-scaled.jpg 1920w, https:\/\/rosenqvist.ax\/wp-content\/uploads\/2025\/03\/20221223_131334-225x300.jpg 225w, https:\/\/rosenqvist.ax\/wp-content\/uploads\/2025\/03\/20221223_131334-768x1024.jpg 768w, https:\/\/rosenqvist.ax\/wp-content\/uploads\/2025\/03\/20221223_131334-1152x1536.jpg 1152w, https:\/\/rosenqvist.ax\/wp-content\/uploads\/2025\/03\/20221223_131334-1536x2048.jpg 1536w\" sizes=\"auto, (max-width: 1920px) 100vw, 1920px\" \/><\/figure>\n<\/div>\n\n\n\n<div class=\"wp-block-column is-layout-flow wp-block-column-is-layout-flow\">\n<figure class=\"wp-block-image size-full is-style-rounded is-style-rounded--5\"><img loading=\"lazy\" decoding=\"async\" width=\"1284\" height=\"1712\" src=\"https:\/\/rosenqvist.ax\/wp-content\/uploads\/2025\/03\/received_1102675980905868.jpeg\" alt=\"\" class=\"wp-image-109\" style=\"aspect-ratio:1;object-fit:cover\" srcset=\"https:\/\/rosenqvist.ax\/wp-content\/uploads\/2025\/03\/received_1102675980905868.jpeg 1284w, https:\/\/rosenqvist.ax\/wp-content\/uploads\/2025\/03\/received_1102675980905868-225x300.jpeg 225w, https:\/\/rosenqvist.ax\/wp-content\/uploads\/2025\/03\/received_1102675980905868-768x1024.jpeg 768w, https:\/\/rosenqvist.ax\/wp-content\/uploads\/2025\/03\/received_1102675980905868-1152x1536.jpeg 1152w\" sizes=\"auto, (max-width: 1284px) 100vw, 1284px\" \/><\/figure>\n<\/div>\n<\/div>\n\n\n\n<figure class=\"wp-block-image aligncenter size-large is-resized\"><img loading=\"lazy\" decoding=\"async\" width=\"1024\" height=\"768\" src=\"https:\/\/rosenqvist.ax\/wp-content\/uploads\/2025\/03\/20220122_101215-1024x768.jpg\" alt=\"\" class=\"wp-image-199\" style=\"width:448px;height:auto\" srcset=\"https:\/\/rosenqvist.ax\/wp-content\/uploads\/2025\/03\/20220122_101215-1024x768.jpg 1024w, https:\/\/rosenqvist.ax\/wp-content\/uploads\/2025\/03\/20220122_101215-300x225.jpg 300w, https:\/\/rosenqvist.ax\/wp-content\/uploads\/2025\/03\/20220122_101215-768x576.jpg 768w, https:\/\/rosenqvist.ax\/wp-content\/uploads\/2025\/03\/20220122_101215-1536x1152.jpg 1536w, https:\/\/rosenqvist.ax\/wp-content\/uploads\/2025\/03\/20220122_101215-2048x1536.jpg 2048w\" sizes=\"auto, (max-width: 1024px) 100vw, 1024px\" \/><\/figure>\n<\/div>\n","protected":false},"excerpt":{"rendered":"<p>Lektioner: Regelbundna lektioner i dressyr\/hoppning anordnas terminsvis Aug &#8211; Juni, d\u00e5 rider du i en fast grupp samma dag\/tid varje vecka. Du abonnerar p\u00e5 p\u00e5 din plats och faktura kommer regelbundet. Vid sjukdom eller fr\u00e5nvaro avbokar du senast kl 10.00 den aktuella dagen och d\u00e5 kan du rida in den avbokade lektionen inom 14 dagar. [&hellip;]<\/p>\n","protected":false},"author":1,"featured_media":0,"parent":0,"menu_order":0,"comment_status":"closed","ping_status":"closed","template":"","meta":{"footnotes":""},"class_list":["post-207","page","type-page","status-publish","hentry"],"_links":{"self":[{"href":"https:\/\/rosenqvist.ax\/index.php?rest_route=\/wp\/v2\/pages\/207","targetHints":{"allow":["GET"]}}],"collection":[{"href":"https:\/\/rosenqvist.ax\/index.php?rest_route=\/wp\/v2\/pages"}],"about":[{"href":"https:\/\/rosenqvist.ax\/index.php?rest_route=\/wp\/v2\/types\/page"}],"author":[{"embeddable":true,"href":"https:\/\/rosenqvist.ax\/index.php?rest_route=\/wp\/v2\/users\/1"}],"replies":[{"embeddable":true,"href":"https:\/\/rosenqvist.ax\/index.php?rest_route=%2Fwp%2Fv2%2Fcomments&post=207"}],"version-history":[{"count":4,"href":"https:\/\/rosenqvist.ax\/index.php?rest_route=\/wp\/v2\/pages\/207\/revisions"}],"predecessor-version":[{"id":213,"href":"https:\/\/rosenqvist.ax\/index.php?rest_route=\/wp\/v2\/pages\/207\/revisions\/213"}],"wp:attachment":[{"href":"https:\/\/rosenqvist.ax\/index.php?rest_route=%2Fwp%2Fv2%2Fmedia&parent=207"}],"curies":[{"name":"wp","href":"https:\/\/api.w.org\/{rel}","templated":true}]}}