{"id":175,"date":"2025-03-10T14:53:58","date_gmt":"2025-03-10T14:53:58","guid":{"rendered":"https:\/\/rosenqvist.ax\/?page_id=175"},"modified":"2025-03-12T10:45:31","modified_gmt":"2025-03-12T10:45:31","slug":"turridning","status":"publish","type":"page","link":"https:\/\/rosenqvist.ax\/?page_id=175","title":{"rendered":"Turridning"},"content":{"rendered":"\n<div class=\"wp-block-group alignfull has-background is-layout-flow wp-block-group-is-layout-flow\" style=\"background-color:#f5eac1;padding-top:6vw;padding-right:6vw;padding-bottom:6vw;padding-left:6vw\">\n<div class=\"wp-block-group is-vertical is-nowrap is-layout-flex wp-container-core-group-is-layout-36fd9ea3 wp-block-group-is-layout-flex\" style=\"padding-right:0;padding-left:0\">\n<p class=\"has-text-color\" style=\"color:#000000;font-size:6vw;font-style:normal;font-weight:700;letter-spacing:0px;line-height:0.9;text-decoration:none;text-transform:none\">Turridning<\/p>\n<\/div>\n\n\n\n<div style=\"height:1vw\" aria-hidden=\"true\" class=\"wp-block-spacer\"><\/div>\n\n\n\n<div class=\"wp-block-group alignwide is-vertical is-nowrap is-layout-flex wp-container-core-group-is-layout-7946b6b8 wp-block-group-is-layout-flex\" style=\"padding-top:0;padding-right:0;padding-bottom:0;padding-left:0\">\n<div class=\"wp-block-columns alignwide is-layout-flex wp-container-core-columns-is-layout-21b20327 wp-block-columns-is-layout-flex\">\n<div class=\"wp-block-column is-layout-flow wp-block-column-is-layout-flow\" style=\"flex-basis:33.38%\">\n<p class=\"has-text-color\" style=\"color:#000000;font-size:clamp(14px, 0.875rem + ((1vw - 3.2px) * 0.313), 17px);\">Runt omkring stallet finns natursk\u00f6n terr\u00e4ng som l\u00e4mpar sig f\u00f6r uteritter och skogsturer. Det finns grupper f\u00f6r nyb\u00f6rjare, medel och erfarna ryttare. \u00c4r ni en grupp med olika ridkunskap h\u00e5lls tempot efter den minst erfarna. Vi rider mest islandsh\u00e4star p\u00e5 turerna men \u00e4ven stora h\u00e4star finns vid \u00f6nskem\u00e5l.<\/p>\n\n\n\n<p><\/p>\n\n\n\n<p class=\"has-text-color\" style=\"color:#000000;font-size:clamp(14px, 0.875rem + ((1vw - 3.2px) * 0.313), 17px);\">Vi b\u00f6rjar rida den tid du har bokat s\u00e5 kom 15-20 min f\u00f6re till stallet, ibland \u00e4r er h\u00e4st klar n\u00e4r ni kommer eller s\u00e5 f\u00e5r ni vara med och g\u00f6ra iordning h\u00e4sten.<\/p>\n<\/div>\n\n\n\n<div class=\"wp-block-column is-layout-flow wp-block-column-is-layout-flow\" style=\"flex-basis:33%\">\n<div style=\"height:2vw\" aria-hidden=\"true\" class=\"wp-block-spacer\"><\/div>\n\n\n\n<figure class=\"wp-block-image size-large\"><img loading=\"lazy\" decoding=\"async\" width=\"768\" height=\"1024\" src=\"https:\/\/rosenqvist.ax\/wp-content\/uploads\/2025\/03\/20200313_182725-768x1024.jpg\" alt=\"\" class=\"wp-image-117\" srcset=\"https:\/\/rosenqvist.ax\/wp-content\/uploads\/2025\/03\/20200313_182725-768x1024.jpg 768w, https:\/\/rosenqvist.ax\/wp-content\/uploads\/2025\/03\/20200313_182725-225x300.jpg 225w, https:\/\/rosenqvist.ax\/wp-content\/uploads\/2025\/03\/20200313_182725-1152x1536.jpg 1152w, https:\/\/rosenqvist.ax\/wp-content\/uploads\/2025\/03\/20200313_182725-1536x2048.jpg 1536w, https:\/\/rosenqvist.ax\/wp-content\/uploads\/2025\/03\/20200313_182725-scaled.jpg 1920w\" sizes=\"auto, (max-width: 768px) 100vw, 768px\" \/><\/figure>\n<\/div>\n\n\n\n<div class=\"wp-block-column is-layout-flow wp-block-column-is-layout-flow\" style=\"flex-basis:33.62%\">\n<figure class=\"wp-block-image size-large\"><img loading=\"lazy\" decoding=\"async\" width=\"880\" height=\"1024\" src=\"https:\/\/rosenqvist.ax\/wp-content\/uploads\/2025\/03\/20230906_182201-880x1024.jpg\" alt=\"\" class=\"wp-image-228\" srcset=\"https:\/\/rosenqvist.ax\/wp-content\/uploads\/2025\/03\/20230906_182201-880x1024.jpg 880w, https:\/\/rosenqvist.ax\/wp-content\/uploads\/2025\/03\/20230906_182201-258x300.jpg 258w, https:\/\/rosenqvist.ax\/wp-content\/uploads\/2025\/03\/20230906_182201-768x894.jpg 768w, https:\/\/rosenqvist.ax\/wp-content\/uploads\/2025\/03\/20230906_182201-1320x1536.jpg 1320w, https:\/\/rosenqvist.ax\/wp-content\/uploads\/2025\/03\/20230906_182201-1760x2048.jpg 1760w, https:\/\/rosenqvist.ax\/wp-content\/uploads\/2025\/03\/20230906_182201.jpg 1808w\" sizes=\"auto, (max-width: 880px) 100vw, 880px\" \/><\/figure>\n<\/div>\n<\/div>\n\n\n\n<div class=\"wp-block-columns alignwide is-layout-flex wp-container-core-columns-is-layout-c24efe4f wp-block-columns-is-layout-flex\">\n<div class=\"wp-block-column is-layout-flow wp-block-column-is-layout-flow\" style=\"flex-basis:69%\">\n<figure class=\"wp-block-image size-large\"><img loading=\"lazy\" decoding=\"async\" width=\"768\" height=\"1024\" src=\"https:\/\/rosenqvist.ax\/wp-content\/uploads\/2025\/03\/20231206_141526-768x1024.jpg\" alt=\"\" class=\"wp-image-260\" srcset=\"https:\/\/rosenqvist.ax\/wp-content\/uploads\/2025\/03\/20231206_141526-768x1024.jpg 768w, https:\/\/rosenqvist.ax\/wp-content\/uploads\/2025\/03\/20231206_141526-225x300.jpg 225w, https:\/\/rosenqvist.ax\/wp-content\/uploads\/2025\/03\/20231206_141526-1152x1536.jpg 1152w, https:\/\/rosenqvist.ax\/wp-content\/uploads\/2025\/03\/20231206_141526-1536x2048.jpg 1536w, https:\/\/rosenqvist.ax\/wp-content\/uploads\/2025\/03\/20231206_141526-scaled.jpg 1920w\" sizes=\"auto, (max-width: 768px) 100vw, 768px\" \/><\/figure>\n<\/div>\n\n\n\n<div class=\"wp-block-column is-vertically-aligned-center is-layout-flow wp-block-column-is-layout-flow\" style=\"flex-basis:33%\">\n<div style=\"height:2vw\" aria-hidden=\"true\" class=\"wp-block-spacer\"><\/div>\n\n\n\n<p class=\"has-text-color\" style=\"color:#000000;font-size:clamp(14px, 0.875rem + ((1vw - 3.2px) * 0.313), 17px);\"><strong>V\u00e5rt mest popul\u00e4ra alternativ \u00e4r 90 min turen<\/strong>.<\/p>\n\n\n\n<p><\/p>\n\n\n\n<p class=\"has-text-color\" style=\"color:#000000;font-size:clamp(14px, 0.875rem + ((1vw - 3.2px) * 0.313), 17px);\"><strong><em>Pris per person:<\/em><\/strong><\/p>\n\n\n\n<p class=\"has-text-color\" style=\"color:#000000;font-size:clamp(14px, 0.875rem + ((1vw - 3.2px) * 0.313), 17px);\">45 min 30 \u20ac \/ 300 SEK<\/p>\n\n\n\n<p class=\"has-text-color\" style=\"color:#000000;font-size:clamp(14px, 0.875rem + ((1vw - 3.2px) * 0.313), 17px);\">90 min 60 \u20ac \/ 600 SEK <\/p>\n\n\n\n<p class=\"has-text-color\" style=\"color:#000000;font-size:clamp(14px, 0.875rem + ((1vw - 3.2px) * 0.313), 17px);\">3 H 120 \u20ac \/ 1200 SEK<\/p>\n<\/div>\n<\/div>\n<\/div>\n<\/div>\n\n\n\n<div class=\"wp-block-group alignfull has-global-padding is-layout-constrained wp-container-core-group-is-layout-b25ccd55 wp-block-group-is-layout-constrained\" style=\"margin-top:0;margin-bottom:0;padding-top:var(--wp--preset--spacing--50);padding-right:var(--wp--preset--spacing--50);padding-bottom:var(--wp--preset--spacing--50);padding-left:var(--wp--preset--spacing--50)\">\n<div class=\"wp-block-columns alignwide is-layout-flex wp-container-core-columns-is-layout-ff4b9c61 wp-block-columns-is-layout-flex\" style=\"margin-top:0;margin-bottom:0\">\n<div class=\"wp-block-column is-layout-flow wp-container-core-column-is-layout-8a368f38 wp-block-column-is-layout-flow\">\n<figure class=\"wp-block-image size-large is-style-rounded is-style-rounded--1\"><img loading=\"lazy\" decoding=\"async\" width=\"952\" height=\"1024\" src=\"https:\/\/rosenqvist.ax\/wp-content\/uploads\/2025\/03\/20240517_180507-952x1024.jpg\" alt=\"\" class=\"wp-image-95\" style=\"aspect-ratio:4\/3;object-fit:cover\" srcset=\"https:\/\/rosenqvist.ax\/wp-content\/uploads\/2025\/03\/20240517_180507-952x1024.jpg 952w, https:\/\/rosenqvist.ax\/wp-content\/uploads\/2025\/03\/20240517_180507-279x300.jpg 279w, https:\/\/rosenqvist.ax\/wp-content\/uploads\/2025\/03\/20240517_180507-768x827.jpg 768w, https:\/\/rosenqvist.ax\/wp-content\/uploads\/2025\/03\/20240517_180507-1427x1536.jpg 1427w, https:\/\/rosenqvist.ax\/wp-content\/uploads\/2025\/03\/20240517_180507-1903x2048.jpg 1903w\" sizes=\"auto, (max-width: 952px) 100vw, 952px\" \/><\/figure>\n\n\n\n<div style=\"height:var(--wp--preset--spacing--50)\" aria-hidden=\"true\" class=\"wp-block-spacer\"><\/div>\n\n\n\n<figure class=\"wp-block-image size-large is-style-rounded is-style-rounded--2\"><img loading=\"lazy\" decoding=\"async\" width=\"768\" height=\"1024\" src=\"https:\/\/rosenqvist.ax\/wp-content\/uploads\/2025\/03\/20220525_193639-768x1024.jpg\" alt=\"\" class=\"wp-image-142\" style=\"aspect-ratio:3\/4;object-fit:cover\" srcset=\"https:\/\/rosenqvist.ax\/wp-content\/uploads\/2025\/03\/20220525_193639-768x1024.jpg 768w, https:\/\/rosenqvist.ax\/wp-content\/uploads\/2025\/03\/20220525_193639-225x300.jpg 225w, https:\/\/rosenqvist.ax\/wp-content\/uploads\/2025\/03\/20220525_193639-1152x1536.jpg 1152w, https:\/\/rosenqvist.ax\/wp-content\/uploads\/2025\/03\/20220525_193639-1536x2048.jpg 1536w, https:\/\/rosenqvist.ax\/wp-content\/uploads\/2025\/03\/20220525_193639-scaled.jpg 1920w\" sizes=\"auto, (max-width: 768px) 100vw, 768px\" \/><\/figure>\n\n\n\n<div style=\"height:var(--wp--preset--spacing--50)\" aria-hidden=\"true\" class=\"wp-block-spacer\"><\/div>\n\n\n\n<figure class=\"wp-block-image size-large is-style-rounded is-style-rounded--3\"><img loading=\"lazy\" decoding=\"async\" width=\"986\" height=\"1024\" src=\"https:\/\/rosenqvist.ax\/wp-content\/uploads\/2025\/03\/20230923_161101-986x1024.jpg\" alt=\"\" class=\"wp-image-110\" style=\"aspect-ratio:3\/4;object-fit:cover\" srcset=\"https:\/\/rosenqvist.ax\/wp-content\/uploads\/2025\/03\/20230923_161101-986x1024.jpg 986w, https:\/\/rosenqvist.ax\/wp-content\/uploads\/2025\/03\/20230923_161101-289x300.jpg 289w, https:\/\/rosenqvist.ax\/wp-content\/uploads\/2025\/03\/20230923_161101-768x797.jpg 768w, https:\/\/rosenqvist.ax\/wp-content\/uploads\/2025\/03\/20230923_161101-1479x1536.jpg 1479w, https:\/\/rosenqvist.ax\/wp-content\/uploads\/2025\/03\/20230923_161101-1972x2048.jpg 1972w\" sizes=\"auto, (max-width: 986px) 100vw, 986px\" \/><\/figure>\n<\/div>\n\n\n\n<div class=\"wp-block-column is-layout-flow wp-container-core-column-is-layout-8a368f38 wp-block-column-is-layout-flow\">\n<div style=\"height:var(--wp--preset--spacing--50)\" aria-hidden=\"true\" class=\"wp-block-spacer\"><\/div>\n\n\n\n<figure class=\"wp-block-image size-full is-style-rounded is-style-rounded--4\"><img loading=\"lazy\" decoding=\"async\" width=\"1024\" height=\"576\" src=\"https:\/\/rosenqvist.ax\/wp-content\/uploads\/2025\/03\/Messenger_creation_D8919E7F-2F59-4CB1-A9BF-F46043E2B3DE.jpeg\" alt=\"\" class=\"wp-image-98\" style=\"aspect-ratio:3\/4;object-fit:cover\" srcset=\"https:\/\/rosenqvist.ax\/wp-content\/uploads\/2025\/03\/Messenger_creation_D8919E7F-2F59-4CB1-A9BF-F46043E2B3DE.jpeg 1024w, https:\/\/rosenqvist.ax\/wp-content\/uploads\/2025\/03\/Messenger_creation_D8919E7F-2F59-4CB1-A9BF-F46043E2B3DE-300x169.jpeg 300w, https:\/\/rosenqvist.ax\/wp-content\/uploads\/2025\/03\/Messenger_creation_D8919E7F-2F59-4CB1-A9BF-F46043E2B3DE-768x432.jpeg 768w\" sizes=\"auto, (max-width: 1024px) 100vw, 1024px\" \/><\/figure>\n\n\n\n<div style=\"height:var(--wp--preset--spacing--50)\" aria-hidden=\"true\" class=\"wp-block-spacer\"><\/div>\n\n\n\n<figure class=\"wp-block-image size-large is-style-rounded is-style-rounded--5\"><img loading=\"lazy\" decoding=\"async\" width=\"1024\" height=\"987\" src=\"https:\/\/rosenqvist.ax\/wp-content\/uploads\/2025\/03\/20250308_162438-1024x987.jpg\" alt=\"\" class=\"wp-image-129\" style=\"aspect-ratio:1;object-fit:cover\" srcset=\"https:\/\/rosenqvist.ax\/wp-content\/uploads\/2025\/03\/20250308_162438-1024x987.jpg 1024w, https:\/\/rosenqvist.ax\/wp-content\/uploads\/2025\/03\/20250308_162438-300x289.jpg 300w, https:\/\/rosenqvist.ax\/wp-content\/uploads\/2025\/03\/20250308_162438-768x740.jpg 768w, https:\/\/rosenqvist.ax\/wp-content\/uploads\/2025\/03\/20250308_162438-1536x1481.jpg 1536w, https:\/\/rosenqvist.ax\/wp-content\/uploads\/2025\/03\/20250308_162438-2048x1974.jpg 2048w\" sizes=\"auto, (max-width: 1024px) 100vw, 1024px\" \/><\/figure>\n\n\n\n<div style=\"height:var(--wp--preset--spacing--50)\" aria-hidden=\"true\" class=\"wp-block-spacer\"><\/div>\n\n\n\n<figure class=\"wp-block-image size-large is-style-rounded is-style-rounded--6\"><img loading=\"lazy\" decoding=\"async\" width=\"833\" height=\"1024\" src=\"https:\/\/rosenqvist.ax\/wp-content\/uploads\/2025\/03\/20241017_154411-833x1024.jpg\" alt=\"\" class=\"wp-image-99\" style=\"aspect-ratio:1;object-fit:cover\" srcset=\"https:\/\/rosenqvist.ax\/wp-content\/uploads\/2025\/03\/20241017_154411-833x1024.jpg 833w, https:\/\/rosenqvist.ax\/wp-content\/uploads\/2025\/03\/20241017_154411-244x300.jpg 244w, https:\/\/rosenqvist.ax\/wp-content\/uploads\/2025\/03\/20241017_154411-768x944.jpg 768w, https:\/\/rosenqvist.ax\/wp-content\/uploads\/2025\/03\/20241017_154411-1249x1536.jpg 1249w, https:\/\/rosenqvist.ax\/wp-content\/uploads\/2025\/03\/20241017_154411.jpg 1513w\" sizes=\"auto, (max-width: 833px) 100vw, 833px\" \/><\/figure>\n<\/div>\n\n\n\n<div class=\"wp-block-column is-layout-flow wp-container-core-column-is-layout-8a368f38 wp-block-column-is-layout-flow\">\n<figure class=\"wp-block-image size-large is-style-rounded is-style-rounded--7\"><img loading=\"lazy\" decoding=\"async\" width=\"1024\" height=\"1024\" src=\"https:\/\/rosenqvist.ax\/wp-content\/uploads\/2025\/03\/IMG_20240708_130109_046-1024x1024.jpg\" alt=\"\" class=\"wp-image-105\" style=\"aspect-ratio:3\/4;object-fit:cover\" srcset=\"https:\/\/rosenqvist.ax\/wp-content\/uploads\/2025\/03\/IMG_20240708_130109_046-1024x1024.jpg 1024w, https:\/\/rosenqvist.ax\/wp-content\/uploads\/2025\/03\/IMG_20240708_130109_046-300x300.jpg 300w, https:\/\/rosenqvist.ax\/wp-content\/uploads\/2025\/03\/IMG_20240708_130109_046-150x150.jpg 150w, https:\/\/rosenqvist.ax\/wp-content\/uploads\/2025\/03\/IMG_20240708_130109_046-768x768.jpg 768w, https:\/\/rosenqvist.ax\/wp-content\/uploads\/2025\/03\/IMG_20240708_130109_046-1536x1536.jpg 1536w, https:\/\/rosenqvist.ax\/wp-content\/uploads\/2025\/03\/IMG_20240708_130109_046-2048x2048.jpg 2048w\" sizes=\"auto, (max-width: 1024px) 100vw, 1024px\" \/><\/figure>\n\n\n\n<div style=\"height:var(--wp--preset--spacing--50)\" aria-hidden=\"true\" class=\"wp-block-spacer\"><\/div>\n\n\n\n<figure class=\"wp-block-image size-large is-style-rounded is-style-rounded--8\"><img loading=\"lazy\" decoding=\"async\" width=\"768\" height=\"1024\" src=\"https:\/\/rosenqvist.ax\/wp-content\/uploads\/2025\/03\/20200805_114218-768x1024.jpg\" alt=\"\" class=\"wp-image-139\" style=\"aspect-ratio:3\/4;object-fit:cover\" srcset=\"https:\/\/rosenqvist.ax\/wp-content\/uploads\/2025\/03\/20200805_114218-768x1024.jpg 768w, https:\/\/rosenqvist.ax\/wp-content\/uploads\/2025\/03\/20200805_114218-225x300.jpg 225w, https:\/\/rosenqvist.ax\/wp-content\/uploads\/2025\/03\/20200805_114218-1152x1536.jpg 1152w, https:\/\/rosenqvist.ax\/wp-content\/uploads\/2025\/03\/20200805_114218-1536x2048.jpg 1536w, https:\/\/rosenqvist.ax\/wp-content\/uploads\/2025\/03\/20200805_114218-scaled.jpg 1920w\" sizes=\"auto, (max-width: 768px) 100vw, 768px\" \/><\/figure>\n\n\n\n<div style=\"height:var(--wp--preset--spacing--50)\" aria-hidden=\"true\" class=\"wp-block-spacer\"><\/div>\n\n\n\n<figure class=\"wp-block-image size-large is-style-rounded is-style-rounded--9\"><img loading=\"lazy\" decoding=\"async\" width=\"768\" height=\"1024\" src=\"https:\/\/rosenqvist.ax\/wp-content\/uploads\/2025\/03\/20170828_184702-768x1024.jpg\" alt=\"\" class=\"wp-image-118\" style=\"aspect-ratio:16\/9;object-fit:cover\" srcset=\"https:\/\/rosenqvist.ax\/wp-content\/uploads\/2025\/03\/20170828_184702-768x1024.jpg 768w, https:\/\/rosenqvist.ax\/wp-content\/uploads\/2025\/03\/20170828_184702-225x300.jpg 225w, https:\/\/rosenqvist.ax\/wp-content\/uploads\/2025\/03\/20170828_184702-1152x1536.jpg 1152w, https:\/\/rosenqvist.ax\/wp-content\/uploads\/2025\/03\/20170828_184702-1536x2048.jpg 1536w, https:\/\/rosenqvist.ax\/wp-content\/uploads\/2025\/03\/20170828_184702-scaled.jpg 1920w\" sizes=\"auto, (max-width: 768px) 100vw, 768px\" \/><\/figure>\n<\/div>\n\n\n\n<div class=\"wp-block-column is-layout-flow wp-container-core-column-is-layout-8a368f38 wp-block-column-is-layout-flow\">\n<div style=\"height:var(--wp--preset--spacing--50)\" aria-hidden=\"true\" class=\"wp-block-spacer\"><\/div>\n\n\n\n<figure class=\"wp-block-image size-large is-style-rounded is-style-rounded--10\"><img loading=\"lazy\" decoding=\"async\" width=\"768\" height=\"1024\" src=\"https:\/\/rosenqvist.ax\/wp-content\/uploads\/2025\/03\/20240611_111344-768x1024.jpg\" alt=\"\" class=\"wp-image-106\" style=\"aspect-ratio:1;object-fit:cover\" srcset=\"https:\/\/rosenqvist.ax\/wp-content\/uploads\/2025\/03\/20240611_111344-768x1024.jpg 768w, https:\/\/rosenqvist.ax\/wp-content\/uploads\/2025\/03\/20240611_111344-225x300.jpg 225w, https:\/\/rosenqvist.ax\/wp-content\/uploads\/2025\/03\/20240611_111344-1152x1536.jpg 1152w, https:\/\/rosenqvist.ax\/wp-content\/uploads\/2025\/03\/20240611_111344-1536x2048.jpg 1536w, https:\/\/rosenqvist.ax\/wp-content\/uploads\/2025\/03\/20240611_111344-scaled.jpg 1920w\" sizes=\"auto, (max-width: 768px) 100vw, 768px\" \/><\/figure>\n\n\n\n<div style=\"height:var(--wp--preset--spacing--50)\" aria-hidden=\"true\" class=\"wp-block-spacer\"><\/div>\n\n\n\n<figure class=\"wp-block-image size-full is-style-rounded is-style-rounded--11\"><img loading=\"lazy\" decoding=\"async\" width=\"766\" height=\"766\" src=\"https:\/\/rosenqvist.ax\/wp-content\/uploads\/2025\/03\/Messenger_creation_6052B76E-ED6C-4D8B-8954-CFDE91FD6CA8.jpeg\" alt=\"\" class=\"wp-image-132\" style=\"aspect-ratio:16\/9;object-fit:cover\" srcset=\"https:\/\/rosenqvist.ax\/wp-content\/uploads\/2025\/03\/Messenger_creation_6052B76E-ED6C-4D8B-8954-CFDE91FD6CA8.jpeg 766w, https:\/\/rosenqvist.ax\/wp-content\/uploads\/2025\/03\/Messenger_creation_6052B76E-ED6C-4D8B-8954-CFDE91FD6CA8-300x300.jpeg 300w, https:\/\/rosenqvist.ax\/wp-content\/uploads\/2025\/03\/Messenger_creation_6052B76E-ED6C-4D8B-8954-CFDE91FD6CA8-150x150.jpeg 150w\" sizes=\"auto, (max-width: 766px) 100vw, 766px\" \/><\/figure>\n\n\n\n<div style=\"height:var(--wp--preset--spacing--50)\" aria-hidden=\"true\" class=\"wp-block-spacer\"><\/div>\n\n\n\n<figure class=\"wp-block-image size-large is-style-rounded is-style-rounded--12\"><img loading=\"lazy\" decoding=\"async\" width=\"768\" height=\"1024\" src=\"https:\/\/rosenqvist.ax\/wp-content\/uploads\/2025\/02\/20200908_181846-768x1024.jpg\" alt=\"\" class=\"wp-image-62\" style=\"aspect-ratio:9\/16;object-fit:cover\" srcset=\"https:\/\/rosenqvist.ax\/wp-content\/uploads\/2025\/02\/20200908_181846-768x1024.jpg 768w, https:\/\/rosenqvist.ax\/wp-content\/uploads\/2025\/02\/20200908_181846-225x300.jpg 225w, https:\/\/rosenqvist.ax\/wp-content\/uploads\/2025\/02\/20200908_181846-1152x1536.jpg 1152w, https:\/\/rosenqvist.ax\/wp-content\/uploads\/2025\/02\/20200908_181846-1536x2048.jpg 1536w, https:\/\/rosenqvist.ax\/wp-content\/uploads\/2025\/02\/20200908_181846-scaled.jpg 1920w\" sizes=\"auto, (max-width: 768px) 100vw, 768px\" \/><\/figure>\n<\/div>\n<\/div>\n<\/div>\n","protected":false},"excerpt":{"rendered":"<p>Turridning Runt omkring stallet finns natursk\u00f6n terr\u00e4ng som l\u00e4mpar sig f\u00f6r uteritter och skogsturer. Det finns grupper f\u00f6r nyb\u00f6rjare, medel och erfarna ryttare. \u00c4r ni en grupp med olika ridkunskap h\u00e5lls tempot efter den minst erfarna. Vi rider mest islandsh\u00e4star p\u00e5 turerna men \u00e4ven stora h\u00e4star finns vid \u00f6nskem\u00e5l. Vi b\u00f6rjar rida den tid du [&hellip;]<\/p>\n","protected":false},"author":1,"featured_media":0,"parent":0,"menu_order":0,"comment_status":"closed","ping_status":"closed","template":"","meta":{"footnotes":""},"class_list":["post-175","page","type-page","status-publish","hentry"],"_links":{"self":[{"href":"https:\/\/rosenqvist.ax\/index.php?rest_route=\/wp\/v2\/pages\/175","targetHints":{"allow":["GET"]}}],"collection":[{"href":"https:\/\/rosenqvist.ax\/index.php?rest_route=\/wp\/v2\/pages"}],"about":[{"href":"https:\/\/rosenqvist.ax\/index.php?rest_route=\/wp\/v2\/types\/page"}],"author":[{"embeddable":true,"href":"https:\/\/rosenqvist.ax\/index.php?rest_route=\/wp\/v2\/users\/1"}],"replies":[{"embeddable":true,"href":"https:\/\/rosenqvist.ax\/index.php?rest_route=%2Fwp%2Fv2%2Fcomments&post=175"}],"version-history":[{"count":10,"href":"https:\/\/rosenqvist.ax\/index.php?rest_route=\/wp\/v2\/pages\/175\/revisions"}],"predecessor-version":[{"id":261,"href":"https:\/\/rosenqvist.ax\/index.php?rest_route=\/wp\/v2\/pages\/175\/revisions\/261"}],"wp:attachment":[{"href":"https:\/\/rosenqvist.ax\/index.php?rest_route=%2Fwp%2Fv2%2Fmedia&parent=175"}],"curies":[{"name":"wp","href":"https:\/\/api.w.org\/{rel}","templated":true}]}}